{"id":1597,"date":"2018-03-24T16:29:23","date_gmt":"2018-03-24T16:29:23","guid":{"rendered":"http:\/\/www.alzahra.com.br\/?page_id=1597"},"modified":"2018-03-24T22:46:08","modified_gmt":"2018-03-24T22:46:08","slug":"declaracao-de-acessibilidade","status":"publish","type":"page","link":"https:\/\/www.alzahra.com.br\/index.php\/declaracao-de-acessibilidade\/","title":{"rendered":"Declara\u00e7\u00e3o de Acessibilidade"},"content":{"rendered":"<p>Este site \u00e9 desenvolvido em WordPress e utiliza os recursos dispon\u00edveis nesta plataforma para tornar sua interface mais acess\u00edvel.\u00a0 A\u00a0\u00a0refer\u00eancia para a implanta\u00e7\u00e3o desses recursos s\u00e3o as\u00a0<a class=\"ext-link\" href=\"https:\/\/www.w3.org\/Translations\/WCAG20-pt-br\/\" aria-label=\"external\" data-smart-underline-link-background-position=\"89\" data-smart-underline-link-color=\"rgb(31, 108, 145)\" data-smart-underline-link-always=\"\">diretrizes de acessibilidade do Cons\u00f3rcio da World Wide Web (WCAG 2.0)<\/a>.<\/p>\n<figure id=\"attachment_1598\" aria-describedby=\"caption-attachment-1598\" style=\"width: 150px\" class=\"wp-caption alignleft\"><a href=\"http:\/\/www.alzahra.com.br\/wp-content\/uploads\/2018\/03\/handicap-39397_640.png\"><img loading=\"lazy\" class=\"size-thumbnail wp-image-1598\" src=\"http:\/\/www.alzahra.com.br\/wp-content\/uploads\/2018\/03\/handicap-39397_640-150x150.png\" alt=\"Imagem do s\u00edmbolo internacional de acessibilidade\" width=\"150\" height=\"150\" srcset=\"https:\/\/www.alzahra.com.br\/wp-content\/uploads\/2018\/03\/handicap-39397_640-150x150.png 150w, https:\/\/www.alzahra.com.br\/wp-content\/uploads\/2018\/03\/handicap-39397_640-300x300.png 300w, https:\/\/www.alzahra.com.br\/wp-content\/uploads\/2018\/03\/handicap-39397_640-100x100.png 100w, https:\/\/www.alzahra.com.br\/wp-content\/uploads\/2018\/03\/handicap-39397_640-600x600.png 600w, https:\/\/www.alzahra.com.br\/wp-content\/uploads\/2018\/03\/handicap-39397_640-230x230.png 230w, https:\/\/www.alzahra.com.br\/wp-content\/uploads\/2018\/03\/handicap-39397_640-350x350.png 350w, https:\/\/www.alzahra.com.br\/wp-content\/uploads\/2018\/03\/handicap-39397_640-480x480.png 480w, https:\/\/www.alzahra.com.br\/wp-content\/uploads\/2018\/03\/handicap-39397_640.png 640w\" sizes=\"(max-width: 150px) 100vw, 150px\" \/><\/a><figcaption id=\"caption-attachment-1598\" class=\"wp-caption-text\">S\u00edmbolo Internacional de Acessibilidade<\/figcaption><\/figure>\n<p>As ferramentas de acessibilidade, dispon\u00edveis no bot\u00e3o do canto superior direito, permitem alterar as configura\u00e7\u00f5es visuais do site e podem ser acessadas pelo mouse, pela combina\u00e7\u00e3o das teclas ALT + A e navegando pela tecla TAB.<\/p>\n<p>A navega\u00e7\u00e3o com a tecla TAB permite acessar os itens do menu principal e navegar pelo conte\u00fado, h\u00e1 links especiais acessados por esta tecla que permitem ir rapidamente para o conte\u00fado principal da p\u00e1gina e a barra lateral.<\/p>\n<p>Para avalia\u00e7\u00e3o da acessibilidade do site usamos a ferramenta \u201c<a class=\"ext-link\" href=\"http:\/\/www.acessibilidade.gov.pt\/accessmonitor\/\" aria-label=\"external\" data-smart-underline-link-background-position=\"89\" data-smart-underline-link-color=\"rgb(31, 108, 145)\" data-smart-underline-link-always=\"\">AccessMonitor \u2013 avaliador autom\u00e1tico de acessibilidade, HTML e CSS<\/a>\u201d. Atendemos plenamente ao n\u00edvel A da WCAG 2.0 e, para os n\u00edveis AA e AAA h\u00e1 apenas um desvio, o tema que usamos na constru\u00e7\u00e3o do site trabalha com fonts de tamanhos fixos em vez de relativos.<\/p>\n<p>Estamos empenhados em melhorar sempre a experi\u00eancia de navega\u00e7\u00e3o do site e agradecemos desde j\u00e1, sugest\u00f5es e coment\u00e1rios que possam nos ajudar nesta tarefa. Deixe seu feedback atrav\u00e9s de nosso\u00a0<a href=\"http:\/\/www.alzahra.com.br\/index.php\/contato\/\" data-smart-underline-link-background-position=\"89\" data-smart-underline-link-color=\"rgb(31, 108, 145)\" data-smart-underline-link-always=\"\">formul\u00e1rio de contato<\/a>.<\/p>\n","protected":false},"excerpt":{"rendered":"<p>Este site \u00e9 desenvolvido em WordPress e utiliza os recursos dispon\u00edveis nesta plataforma para tornar sua interface mais acess\u00edvel.\u00a0 A\u00a0\u00a0refer\u00eancia para a implanta\u00e7\u00e3o desses recursos s\u00e3o as\u00a0diretrizes de acessibilidade do Cons\u00f3rcio da World Wide Web (WCAG 2.0). As ferramentas de acessibilidade, dispon\u00edveis no bot\u00e3o do canto superior direito, permitem alterar as configura\u00e7\u00f5es visuais do site [&hellip;]<\/p>\n","protected":false},"author":1,"featured_media":0,"parent":0,"menu_order":0,"comment_status":"closed","ping_status":"closed","template":"page-templates\/page_fullwidth.php","meta":[],"yoast_head":"<!-- This site is optimized with the Yoast SEO plugin v15.2.1 - https:\/\/yoast.com\/wordpress\/plugins\/seo\/ -->\n<title>Declara\u00e7\u00e3o de Acessibilidade - Alzahra Comunica\u00e7\u00e3o<\/title>\n<meta name=\"description\" content=\"Este site \u00e9 desenvolvido em WordPress e utiliza os recursos dispon\u00edveis nesta plataforma para tornar sua interface mais acess\u00edvel.\u00a0 A\u00a0\u00a0refer\u00eancia para a implanta\u00e7\u00e3o desses recursos s\u00e3o as\u00a0diretrizes de acessibilidade do Cons\u00f3rcio da World Wide Web (WCAG 2.0).\" \/>\n<meta name=\"robots\" content=\"index, follow, max-snippet:-1, max-image-preview:large, max-video-preview:-1\" \/>\n<link rel=\"canonical\" href=\"https:\/\/www.alzahra.com.br\/index.php\/declaracao-de-acessibilidade\/\" \/>\n<meta property=\"og:locale\" content=\"pt_BR\" \/>\n<meta property=\"og:type\" content=\"article\" \/>\n<meta property=\"og:title\" content=\"Declara\u00e7\u00e3o de Acessibilidade - Alzahra Comunica\u00e7\u00e3o\" \/>\n<meta property=\"og:description\" content=\"Este site \u00e9 desenvolvido em WordPress e utiliza os recursos dispon\u00edveis nesta plataforma para tornar sua interface mais acess\u00edvel.\u00a0 A\u00a0\u00a0refer\u00eancia para a implanta\u00e7\u00e3o desses recursos s\u00e3o as\u00a0diretrizes de acessibilidade do Cons\u00f3rcio da World Wide Web (WCAG 2.0).\" \/>\n<meta property=\"og:url\" content=\"https:\/\/www.alzahra.com.br\/index.php\/declaracao-de-acessibilidade\/\" \/>\n<meta property=\"og:site_name\" content=\"Alzahra Comunica\u00e7\u00e3o\" \/>\n<meta property=\"article:publisher\" content=\"https:\/\/www.facebook.com\/AlzahraComunicacao\" \/>\n<meta property=\"article:modified_time\" content=\"2018-03-24T22:46:08+00:00\" \/>\n<meta property=\"og:image\" content=\"http:\/\/www.alzahra.com.br\/wp-content\/uploads\/2018\/03\/handicap-39397_640-150x150.png\" \/>\n<meta name=\"twitter:card\" content=\"summary\" \/>\n<meta name=\"twitter:label1\" content=\"Written by\">\n\t<meta name=\"twitter:data1\" content=\"agalzahra\">\n\t<meta name=\"twitter:label2\" content=\"Est. reading time\">\n\t<meta name=\"twitter:data2\" content=\"1 minuto\">\n<script type=\"application\/ld+json\" class=\"yoast-schema-graph\">{\"@context\":\"https:\/\/schema.org\",\"@graph\":[{\"@type\":\"WebSite\",\"@id\":\"https:\/\/www.alzahra.com.br\/#website\",\"url\":\"https:\/\/www.alzahra.com.br\/\",\"name\":\"Alzahra Comunica\\u00e7\\u00e3o\",\"description\":\"Ag\\u00eancia de Publicidade\",\"potentialAction\":[{\"@type\":\"SearchAction\",\"target\":\"https:\/\/www.alzahra.com.br\/?s={search_term_string}\",\"query-input\":\"required name=search_term_string\"}],\"inLanguage\":\"pt-BR\"},{\"@type\":\"ImageObject\",\"@id\":\"https:\/\/www.alzahra.com.br\/index.php\/declaracao-de-acessibilidade\/#primaryimage\",\"inLanguage\":\"pt-BR\",\"url\":\"http:\/\/www.alzahra.com.br\/wp-content\/uploads\/2018\/03\/handicap-39397_640-150x150.png\"},{\"@type\":\"WebPage\",\"@id\":\"https:\/\/www.alzahra.com.br\/index.php\/declaracao-de-acessibilidade\/#webpage\",\"url\":\"https:\/\/www.alzahra.com.br\/index.php\/declaracao-de-acessibilidade\/\",\"name\":\"Declara\\u00e7\\u00e3o de Acessibilidade - Alzahra Comunica\\u00e7\\u00e3o\",\"isPartOf\":{\"@id\":\"https:\/\/www.alzahra.com.br\/#website\"},\"primaryImageOfPage\":{\"@id\":\"https:\/\/www.alzahra.com.br\/index.php\/declaracao-de-acessibilidade\/#primaryimage\"},\"datePublished\":\"2018-03-24T16:29:23+00:00\",\"dateModified\":\"2018-03-24T22:46:08+00:00\",\"description\":\"Este site \\u00e9 desenvolvido em WordPress e utiliza os recursos dispon\\u00edveis nesta plataforma para tornar sua interface mais acess\\u00edvel.\\u00a0 A\\u00a0\\u00a0refer\\u00eancia para a implanta\\u00e7\\u00e3o desses recursos s\\u00e3o as\\u00a0diretrizes de acessibilidade do Cons\\u00f3rcio da World Wide Web (WCAG 2.0).\",\"inLanguage\":\"pt-BR\",\"potentialAction\":[{\"@type\":\"ReadAction\",\"target\":[\"https:\/\/www.alzahra.com.br\/index.php\/declaracao-de-acessibilidade\/\"]}]}]}<\/script>\n<!-- \/ Yoast SEO plugin. -->","_links":{"self":[{"href":"https:\/\/www.alzahra.com.br\/index.php\/wp-json\/wp\/v2\/pages\/1597"}],"collection":[{"href":"https:\/\/www.alzahra.com.br\/index.php\/wp-json\/wp\/v2\/pages"}],"about":[{"href":"https:\/\/www.alzahra.com.br\/index.php\/wp-json\/wp\/v2\/types\/page"}],"author":[{"embeddable":true,"href":"https:\/\/www.alzahra.com.br\/index.php\/wp-json\/wp\/v2\/users\/1"}],"replies":[{"embeddable":true,"href":"https:\/\/www.alzahra.com.br\/index.php\/wp-json\/wp\/v2\/comments?post=1597"}],"version-history":[{"count":0,"href":"https:\/\/www.alzahra.com.br\/index.php\/wp-json\/wp\/v2\/pages\/1597\/revisions"}],"wp:attachment":[{"href":"https:\/\/www.alzahra.com.br\/index.php\/wp-json\/wp\/v2\/media?parent=1597"}],"curies":[{"name":"wp","href":"https:\/\/api.w.org\/{rel}","templated":true}]}}