{"id":478,"date":"2015-06-25T15:45:31","date_gmt":"2015-06-25T15:45:31","guid":{"rendered":"http:\/\/alzahra.hospedagemdesites.ws\/?page_id=478"},"modified":"2016-03-08T14:34:46","modified_gmt":"2016-03-08T14:34:46","slug":"marketing-direto","status":"publish","type":"page","link":"https:\/\/www.alzahra.com.br\/index.php\/marketing-direto\/","title":{"rendered":"Servi\u00e7os &#8211; Marketing Direto"},"content":{"rendered":"<div id=\"pl-478\"  class=\"panel-layout\" ><div id=\"pg-478-0\"  class=\"panel-grid panel-has-style\" ><div class=\"siteorigin-panels-stretch panel-row-style panel-row-style-for-478-0\" style=\"padding: 0px 0; \" data-stretch-type=\"full\" data-overlay=\"true\" ><div id=\"pgc-478-0-0\"  class=\"panel-grid-cell\" ><div id=\"panel-478-0-0-0\" class=\"so-panel widget widget_list panel-first-child\" data-index=\"0\" ><h3 class=\"widget-title\">Marketing Direto<\/h3>\n\t\t<p>A\u00e7\u00f5es de relacionamento com seu cliente<\/p>\n\t\t<ul class='roll-list'><li>Cria\u00e7\u00e3o de Mala Direta<\/li><li>Cria\u00e7\u00e3o de Cat\u00e1logos, Card\u00e1pios, Folders e Folhetos<\/li><li>Cria\u00e7\u00e3o e distribui\u00e7\u00e3o de e-mail marketing<\/li><li>Comunica\u00e7\u00e3o visual no ponto de venda<\/li><li>Planejamento de a\u00e7\u00f5es em datas comemorativas e per\u00edodos sazonais<\/li><li>Cria\u00e7\u00e3o de pe\u00e7as de visual merchandising, como wobbler, m\u00f3bile, display, totem, banner, faixa, faixa de g\u00f4ndola, adesivo, backdrop, entre outras.<\/li><\/ul>\t\t\t\t\t<a class=\"roll-button border\" href=\"\/index.php\/contato\">Agende uma Visita<\/a>\n\t\t\t\t\n\t\t<\/div><div id=\"panel-478-0-0-1\" class=\"so-panel widget widget_nav_menu panel-last-child\" data-index=\"1\" ><div class=\"panel-widget-style panel-widget-style-for-478-0-0-1\" ><div class=\"menu-servicos-container\"><ul id=\"menu-servicos\" class=\"menu accessibility_menu\"><li id=\"menu-item-721\" class=\"menu-item menu-item-type-post_type menu-item-object-page menu-item-721\"><a href=\"https:\/\/www.alzahra.com.br\/index.php\/criacao-de-sites\/\">Cria\u00e7\u00e3o de Sites<\/a><\/li>\n<li id=\"menu-item-726\" class=\"menu-item menu-item-type-post_type menu-item-object-page menu-item-726\"><a href=\"https:\/\/www.alzahra.com.br\/index.php\/criacao-publicitaria\/\">Cria\u00e7\u00e3o Publicit\u00e1ria<\/a><\/li>\n<li id=\"menu-item-724\" class=\"menu-item menu-item-type-post_type menu-item-object-page menu-item-724\"><a href=\"https:\/\/www.alzahra.com.br\/index.php\/identidade-corporativa\/\">Identidade Corporativa<\/a><\/li>\n<li id=\"menu-item-723\" class=\"menu-item menu-item-type-post_type menu-item-object-page menu-item-723\"><a href=\"https:\/\/www.alzahra.com.br\/index.php\/campanha-de-links-patrocinados\/\">Links Patrocinados<\/a><\/li>\n<li id=\"menu-item-725\" class=\"menu-item menu-item-type-post_type menu-item-object-page menu-item-725\"><a href=\"https:\/\/www.alzahra.com.br\/index.php\/marketing-direto\/\">Marketing Direto<\/a><\/li>\n<li id=\"menu-item-722\" class=\"menu-item menu-item-type-post_type menu-item-object-page menu-item-722\"><a href=\"https:\/\/www.alzahra.com.br\/index.php\/gestao-de-redes-sociais\/\">Redes Sociais<\/a><\/li>\n<\/ul><\/div><\/div><\/div><\/div><div id=\"pgc-478-0-1\"  class=\"panel-grid-cell\" ><div id=\"panel-478-0-1-0\" class=\"so-panel widget widget_sow-image panel-first-child panel-last-child\" data-index=\"2\" ><div class=\"so-widget-sow-image so-widget-sow-image-default-4b231843ec72\">\n\n<div class=\"sow-image-container\">\n\t<img src=\"https:\/\/www.alzahra.com.br\/wp-content\/uploads\/2015\/06\/MalaDireta_Bauarte1.png\" width=\"500\" height=\"600\" srcset=\"https:\/\/www.alzahra.com.br\/wp-content\/uploads\/2015\/06\/MalaDireta_Bauarte1.png 500w, https:\/\/www.alzahra.com.br\/wp-content\/uploads\/2015\/06\/MalaDireta_Bauarte1-250x300.png 250w, https:\/\/www.alzahra.com.br\/wp-content\/uploads\/2015\/06\/MalaDireta_Bauarte1-230x276.png 230w\" sizes=\"(max-width: 500px) 100vw, 500px\" title=\"MalaDireta_Bauarte\" alt=\"Foto de cart\u00e3o criado para envio por correio para a Bauarte\" \t\tclass=\"so-widget-image\"\/>\n<\/div>\n\n<\/div><\/div><\/div><\/div><\/div><\/div>","protected":false},"excerpt":{"rendered":"<p>Marketing Direto A\u00e7\u00f5es de relacionamento com seu cliente Cria\u00e7\u00e3o de Mala DiretaCria\u00e7\u00e3o de Cat\u00e1logos, Card\u00e1pios, Folders e FolhetosCria\u00e7\u00e3o e distribui\u00e7\u00e3o de e-mail marketingComunica\u00e7\u00e3o visual no ponto de vendaPlanejamento de a\u00e7\u00f5es em datas comemorativas e per\u00edodos sazonaisCria\u00e7\u00e3o de pe\u00e7as de visual merchandising, como wobbler, m\u00f3bile, display, totem, banner, faixa, faixa de g\u00f4ndola, adesivo, backdrop, entre outras. [&hellip;]<\/p>\n","protected":false},"author":1,"featured_media":0,"parent":0,"menu_order":0,"comment_status":"closed","ping_status":"closed","template":"page-templates\/page_fullwidth.php","meta":[],"yoast_head":"<!-- This site is optimized with the Yoast SEO plugin v15.2.1 - https:\/\/yoast.com\/wordpress\/plugins\/seo\/ -->\n<title>Servi\u00e7os - Marketing Direto - Alzahra Comunica\u00e7\u00e3o<\/title>\n<meta name=\"robots\" content=\"index, follow, max-snippet:-1, max-image-preview:large, max-video-preview:-1\" \/>\n<link rel=\"canonical\" href=\"https:\/\/www.alzahra.com.br\/index.php\/marketing-direto\/\" \/>\n<meta property=\"og:locale\" content=\"pt_BR\" \/>\n<meta property=\"og:type\" content=\"article\" \/>\n<meta property=\"og:title\" content=\"Servi\u00e7os - Marketing Direto - Alzahra Comunica\u00e7\u00e3o\" \/>\n<meta property=\"og:description\" content=\"Marketing Direto A\u00e7\u00f5es de relacionamento com seu cliente Cria\u00e7\u00e3o de Mala DiretaCria\u00e7\u00e3o de Cat\u00e1logos, Card\u00e1pios, Folders e FolhetosCria\u00e7\u00e3o e distribui\u00e7\u00e3o de e-mail marketingComunica\u00e7\u00e3o visual no ponto de vendaPlanejamento de a\u00e7\u00f5es em datas comemorativas e per\u00edodos sazonaisCria\u00e7\u00e3o de pe\u00e7as de visual merchandising, como wobbler, m\u00f3bile, display, totem, banner, faixa, faixa de g\u00f4ndola, adesivo, backdrop, entre outras. [&hellip;]\" \/>\n<meta property=\"og:url\" content=\"https:\/\/www.alzahra.com.br\/index.php\/marketing-direto\/\" \/>\n<meta property=\"og:site_name\" content=\"Alzahra Comunica\u00e7\u00e3o\" \/>\n<meta property=\"article:publisher\" content=\"https:\/\/www.facebook.com\/AlzahraComunicacao\" \/>\n<meta property=\"article:modified_time\" content=\"2016-03-08T14:34:46+00:00\" \/>\n<meta property=\"og:image\" content=\"http:\/\/www.alzahra.com.br\/wp-content\/uploads\/2015\/06\/MalaDireta_Bauarte1.png\" \/>\n<meta name=\"twitter:card\" content=\"summary\" \/>\n<meta name=\"twitter:label1\" content=\"Written by\">\n\t<meta name=\"twitter:data1\" content=\"agalzahra\">\n\t<meta name=\"twitter:label2\" content=\"Est. reading time\">\n\t<meta name=\"twitter:data2\" content=\"0 minuto\">\n<script type=\"application\/ld+json\" class=\"yoast-schema-graph\">{\"@context\":\"https:\/\/schema.org\",\"@graph\":[{\"@type\":\"WebSite\",\"@id\":\"https:\/\/www.alzahra.com.br\/#website\",\"url\":\"https:\/\/www.alzahra.com.br\/\",\"name\":\"Alzahra Comunica\\u00e7\\u00e3o\",\"description\":\"Ag\\u00eancia de Publicidade\",\"potentialAction\":[{\"@type\":\"SearchAction\",\"target\":\"https:\/\/www.alzahra.com.br\/?s={search_term_string}\",\"query-input\":\"required name=search_term_string\"}],\"inLanguage\":\"pt-BR\"},{\"@type\":\"ImageObject\",\"@id\":\"https:\/\/www.alzahra.com.br\/index.php\/marketing-direto\/#primaryimage\",\"inLanguage\":\"pt-BR\",\"url\":\"http:\/\/www.alzahra.com.br\/wp-content\/uploads\/2015\/06\/MalaDireta_Bauarte1.png\"},{\"@type\":\"WebPage\",\"@id\":\"https:\/\/www.alzahra.com.br\/index.php\/marketing-direto\/#webpage\",\"url\":\"https:\/\/www.alzahra.com.br\/index.php\/marketing-direto\/\",\"name\":\"Servi\\u00e7os - Marketing Direto - Alzahra Comunica\\u00e7\\u00e3o\",\"isPartOf\":{\"@id\":\"https:\/\/www.alzahra.com.br\/#website\"},\"primaryImageOfPage\":{\"@id\":\"https:\/\/www.alzahra.com.br\/index.php\/marketing-direto\/#primaryimage\"},\"datePublished\":\"2015-06-25T15:45:31+00:00\",\"dateModified\":\"2016-03-08T14:34:46+00:00\",\"inLanguage\":\"pt-BR\",\"potentialAction\":[{\"@type\":\"ReadAction\",\"target\":[\"https:\/\/www.alzahra.com.br\/index.php\/marketing-direto\/\"]}]}]}<\/script>\n<!-- \/ Yoast SEO plugin. -->","_links":{"self":[{"href":"https:\/\/www.alzahra.com.br\/index.php\/wp-json\/wp\/v2\/pages\/478"}],"collection":[{"href":"https:\/\/www.alzahra.com.br\/index.php\/wp-json\/wp\/v2\/pages"}],"about":[{"href":"https:\/\/www.alzahra.com.br\/index.php\/wp-json\/wp\/v2\/types\/page"}],"author":[{"embeddable":true,"href":"https:\/\/www.alzahra.com.br\/index.php\/wp-json\/wp\/v2\/users\/1"}],"replies":[{"embeddable":true,"href":"https:\/\/www.alzahra.com.br\/index.php\/wp-json\/wp\/v2\/comments?post=478"}],"version-history":[{"count":0,"href":"https:\/\/www.alzahra.com.br\/index.php\/wp-json\/wp\/v2\/pages\/478\/revisions"}],"wp:attachment":[{"href":"https:\/\/www.alzahra.com.br\/index.php\/wp-json\/wp\/v2\/media?parent=478"}],"curies":[{"name":"wp","href":"https:\/\/api.w.org\/{rel}","templated":true}]}}