{"id":480,"date":"2015-06-25T15:46:26","date_gmt":"2015-06-25T15:46:26","guid":{"rendered":"http:\/\/alzahra.hospedagemdesites.ws\/?page_id=480"},"modified":"2017-11-30T17:20:13","modified_gmt":"2017-11-30T17:20:13","slug":"identidade-corporativa","status":"publish","type":"page","link":"https:\/\/www.alzahra.com.br\/index.php\/identidade-corporativa\/","title":{"rendered":"Servi\u00e7os &#8211; Identidade Corporativa"},"content":{"rendered":"<div id=\"pl-480\"  class=\"panel-layout\" ><div id=\"pg-480-0\"  class=\"panel-grid panel-has-style\" ><div class=\"siteorigin-panels-stretch panel-row-style panel-row-style-for-480-0\" style=\"padding: 0px 0; \" data-stretch-type=\"full\" data-overlay=\"true\" ><div id=\"pgc-480-0-0\"  class=\"panel-grid-cell\" ><div id=\"panel-480-0-0-0\" class=\"so-panel widget widget_list panel-first-child\" data-index=\"0\" ><div style=\"text-align: left;\" data-title-color=\"#443f3f\" data-headings-color=\"#443f3f\" class=\"panel-widget-style panel-widget-style-for-480-0-0-0\" ><h3 class=\"widget-title\">Identidade Corporativa<\/h3>\n\t\t<p>Da escolha do nome e cria\u00e7\u00e3o do logotipo at\u00e9 o manual de identidade visual, n\u00f3s criamos tudo o que sua empresa precisa para se apresentar ao mercado, de forma adequada e impactante.<\/p>\n\t\t\u2022 <b>Naming<\/b> \u00e9 a defini\u00e7\u00e3o do nome do produto, servi\u00e7o ou empresa e o nosso trabalho \u00e9 a <b>cria\u00e7\u00e3o do nome<\/b> que traduza o prop\u00f3sito do seu neg\u00f3cio e estabele\u00e7a uma conex\u00e3o com o seu cliente, de acordo com o posicionamento pretendido.\n<br>\n\u2022 <b>Branding ou Gest\u00e3o da Marca<\/b>. Criamos o <b>Logotipo, Slogan, itens de Papelaria, Apresenta\u00e7\u00e3o Institucional, Manual de Identidade Visual, Material Promocional<\/b> e a\u00e7\u00f5es estrat\u00e9gicas para desenvolver e consolidar a reputa\u00e7\u00e3o da marca, gerando resultados positivos.\n<br>\n<br>\n Atendemos tamb\u00e9m empresas localizadas em outras cidades e estados, atrav\u00e9s do Skype. Solicite um or\u00e7amento e consulte nossas <a href=http:\/\/www.alzahra.com.br\/index.php\/formas-de-pagamento\/>condi\u00e7\u00f5es de pagamento<\/a>.\n<br>\n<br>\t\t\t\t\t<a class=\"roll-button border\" href=\"\/index.php\/contato\">Agende uma Visita<\/a>\n\t\t\t\t\n\t\t<\/div><\/div><div id=\"panel-480-0-0-1\" class=\"so-panel widget widget_nav_menu panel-last-child\" data-index=\"1\" ><div class=\"panel-widget-style panel-widget-style-for-480-0-0-1\" ><div class=\"menu-servicos-container\"><ul id=\"menu-servicos\" class=\"menu accessibility_menu\"><li id=\"menu-item-721\" class=\"menu-item menu-item-type-post_type menu-item-object-page menu-item-721\"><a href=\"https:\/\/www.alzahra.com.br\/index.php\/criacao-de-sites\/\">Cria\u00e7\u00e3o de Sites<\/a><\/li>\n<li id=\"menu-item-726\" class=\"menu-item menu-item-type-post_type menu-item-object-page menu-item-726\"><a href=\"https:\/\/www.alzahra.com.br\/index.php\/criacao-publicitaria\/\">Cria\u00e7\u00e3o Publicit\u00e1ria<\/a><\/li>\n<li id=\"menu-item-724\" class=\"menu-item menu-item-type-post_type menu-item-object-page menu-item-724\"><a href=\"https:\/\/www.alzahra.com.br\/index.php\/identidade-corporativa\/\">Identidade Corporativa<\/a><\/li>\n<li id=\"menu-item-723\" class=\"menu-item menu-item-type-post_type menu-item-object-page menu-item-723\"><a href=\"https:\/\/www.alzahra.com.br\/index.php\/campanha-de-links-patrocinados\/\">Links Patrocinados<\/a><\/li>\n<li id=\"menu-item-725\" class=\"menu-item menu-item-type-post_type menu-item-object-page menu-item-725\"><a href=\"https:\/\/www.alzahra.com.br\/index.php\/marketing-direto\/\">Marketing Direto<\/a><\/li>\n<li id=\"menu-item-722\" class=\"menu-item menu-item-type-post_type menu-item-object-page menu-item-722\"><a href=\"https:\/\/www.alzahra.com.br\/index.php\/gestao-de-redes-sociais\/\">Redes Sociais<\/a><\/li>\n<\/ul><\/div><\/div><\/div><\/div><div id=\"pgc-480-0-1\"  class=\"panel-grid-cell\" ><div id=\"panel-480-0-1-0\" class=\"so-panel widget widget_sow-image panel-first-child\" data-index=\"2\" ><div class=\"so-widget-sow-image so-widget-sow-image-default-d6014b76747a\">\n\n<div class=\"sow-image-container\">\n\t<img src=\"https:\/\/www.alzahra.com.br\/wp-content\/uploads\/2015\/06\/identidade_visual_mm.png\" width=\"800\" height=\"800\" srcset=\"https:\/\/www.alzahra.com.br\/wp-content\/uploads\/2015\/06\/identidade_visual_mm.png 800w, https:\/\/www.alzahra.com.br\/wp-content\/uploads\/2015\/06\/identidade_visual_mm-300x300.png 300w, https:\/\/www.alzahra.com.br\/wp-content\/uploads\/2015\/06\/identidade_visual_mm-100x100.png 100w, https:\/\/www.alzahra.com.br\/wp-content\/uploads\/2015\/06\/identidade_visual_mm-600x600.png 600w, https:\/\/www.alzahra.com.br\/wp-content\/uploads\/2015\/06\/identidade_visual_mm-150x150.png 150w, https:\/\/www.alzahra.com.br\/wp-content\/uploads\/2015\/06\/identidade_visual_mm-768x768.png 768w, https:\/\/www.alzahra.com.br\/wp-content\/uploads\/2015\/06\/identidade_visual_mm-230x230.png 230w, https:\/\/www.alzahra.com.br\/wp-content\/uploads\/2015\/06\/identidade_visual_mm-350x350.png 350w\" sizes=\"(max-width: 800px) 100vw, 800px\" title=\"Case de cria\u00e7\u00e3o do manual de identidade visual para a Siner\" alt=\"Case - Branding Book Siner\" \t\tclass=\"so-widget-image\"\/>\n<\/div>\n\n<\/div><\/div><div id=\"panel-480-0-1-1\" class=\"so-panel widget widget_sow-editor panel-last-child\" data-index=\"3\" ><div class=\"so-widget-sow-editor so-widget-sow-editor-base\">\n<div class=\"siteorigin-widget-tinymce textwidget\">\n\t<h4><\/h4>\n<h4>Veja no nosso <a href=\"http:\/\/www.alzahra.com.br\/index.php\/blog\/\">Blog<\/a>:<\/h4>\n<ul>\n<li><a href=\"http:\/\/www.alzahra.com.br\/index.php\/2015\/07\/01\/identidade-visual\/\">Identidade visual ajuda a valorizar neg\u00f3cio<\/a><\/li>\n<li><a href=\"http:\/\/www.alzahra.com.br\/index.php\/2015\/09\/03\/compre-do-pequeno-negocio\/\">Movimento \u2013 Compre do Pequeno Neg\u00f3cio<\/a><\/li>\n<\/ul>\n<h4>Sugerimos tamb\u00e9m:<\/h4>\n<ul>\n<li><a href=\"http:\/\/www.sebrae.com.br\/sites\/PortalSebrae\/artigos\/Como-construir-uma-marca-de-sucesso\" target=\"_blank\">Como construir uma marca de sucesso (SEBRAE)<\/a><\/li>\n<li><a href=\"http:\/\/www.sebrae.com.br\/sites\/PortalSebrae\/artigos\/A-import%C3%A2ncia-da-marca-para-o-sucesso-de-um-produto\" target=\"_blank\">A import\u00e2ncia da marca para o sucesso de um produto (SEBRAE)<\/a><\/li>\n<\/ul>\n<\/div>\n<\/div><\/div><\/div><\/div><\/div><\/div>","protected":false},"excerpt":{"rendered":"<p>Veja no nosso Blog: Identidade visual ajuda a valorizar neg\u00f3cio Movimento \u2013 Compre do Pequeno Neg\u00f3cio Sugerimos tamb\u00e9m: Como construir uma marca de sucesso (SEBRAE) A import\u00e2ncia da marca para o sucesso de um produto (SEBRAE)<\/p>\n","protected":false},"author":1,"featured_media":0,"parent":0,"menu_order":0,"comment_status":"closed","ping_status":"closed","template":"page-templates\/page_fullwidth.php","meta":[],"yoast_head":"<!-- This site is optimized with the Yoast SEO plugin v15.2.1 - https:\/\/yoast.com\/wordpress\/plugins\/seo\/ -->\n<title>Servi\u00e7os - Cria\u00e7\u00e3o de Identidade Corporativa<\/title>\n<meta name=\"description\" content=\"Da escolha do nome e cria\u00e7\u00e3o do logotipo at\u00e9 o manual de identidade corporativa, tudo o que sua empresa precisa para se apresentar ao mercado.\" \/>\n<meta name=\"robots\" content=\"index, follow, max-snippet:-1, max-image-preview:large, max-video-preview:-1\" \/>\n<link rel=\"canonical\" href=\"https:\/\/www.alzahra.com.br\/index.php\/identidade-corporativa\/\" \/>\n<meta property=\"og:locale\" content=\"pt_BR\" \/>\n<meta property=\"og:type\" content=\"article\" \/>\n<meta property=\"og:title\" content=\"Servi\u00e7os - Cria\u00e7\u00e3o de Identidade Corporativa\" \/>\n<meta property=\"og:description\" content=\"Da escolha do nome e cria\u00e7\u00e3o do logotipo at\u00e9 o manual de identidade corporativa, tudo o que sua empresa precisa para se apresentar ao mercado.\" \/>\n<meta property=\"og:url\" content=\"https:\/\/www.alzahra.com.br\/index.php\/identidade-corporativa\/\" \/>\n<meta property=\"og:site_name\" content=\"Alzahra Comunica\u00e7\u00e3o\" \/>\n<meta property=\"article:publisher\" content=\"https:\/\/www.facebook.com\/AlzahraComunicacao\" \/>\n<meta property=\"article:modified_time\" content=\"2017-11-30T17:20:13+00:00\" \/>\n<meta property=\"og:image\" content=\"http:\/\/www.alzahra.com.br\/wp-content\/uploads\/2015\/06\/identidade_visual_mm.png\" \/>\n<meta name=\"twitter:card\" content=\"summary\" \/>\n<meta name=\"twitter:label1\" content=\"Written by\">\n\t<meta name=\"twitter:data1\" content=\"agalzahra\">\n\t<meta name=\"twitter:label2\" content=\"Est. reading time\">\n\t<meta name=\"twitter:data2\" content=\"1 minuto\">\n<script type=\"application\/ld+json\" class=\"yoast-schema-graph\">{\"@context\":\"https:\/\/schema.org\",\"@graph\":[{\"@type\":\"WebSite\",\"@id\":\"https:\/\/www.alzahra.com.br\/#website\",\"url\":\"https:\/\/www.alzahra.com.br\/\",\"name\":\"Alzahra Comunica\\u00e7\\u00e3o\",\"description\":\"Ag\\u00eancia de Publicidade\",\"potentialAction\":[{\"@type\":\"SearchAction\",\"target\":\"https:\/\/www.alzahra.com.br\/?s={search_term_string}\",\"query-input\":\"required name=search_term_string\"}],\"inLanguage\":\"pt-BR\"},{\"@type\":\"ImageObject\",\"@id\":\"https:\/\/www.alzahra.com.br\/index.php\/identidade-corporativa\/#primaryimage\",\"inLanguage\":\"pt-BR\",\"url\":\"http:\/\/www.alzahra.com.br\/wp-content\/uploads\/2015\/06\/identidade_visual_mm.png\"},{\"@type\":\"WebPage\",\"@id\":\"https:\/\/www.alzahra.com.br\/index.php\/identidade-corporativa\/#webpage\",\"url\":\"https:\/\/www.alzahra.com.br\/index.php\/identidade-corporativa\/\",\"name\":\"Servi\\u00e7os - Cria\\u00e7\\u00e3o de Identidade Corporativa\",\"isPartOf\":{\"@id\":\"https:\/\/www.alzahra.com.br\/#website\"},\"primaryImageOfPage\":{\"@id\":\"https:\/\/www.alzahra.com.br\/index.php\/identidade-corporativa\/#primaryimage\"},\"datePublished\":\"2015-06-25T15:46:26+00:00\",\"dateModified\":\"2017-11-30T17:20:13+00:00\",\"description\":\"Da escolha do nome e cria\\u00e7\\u00e3o do logotipo at\\u00e9 o manual de identidade corporativa, tudo o que sua empresa precisa para se apresentar ao mercado.\",\"inLanguage\":\"pt-BR\",\"potentialAction\":[{\"@type\":\"ReadAction\",\"target\":[\"https:\/\/www.alzahra.com.br\/index.php\/identidade-corporativa\/\"]}]}]}<\/script>\n<!-- \/ Yoast SEO plugin. -->","_links":{"self":[{"href":"https:\/\/www.alzahra.com.br\/index.php\/wp-json\/wp\/v2\/pages\/480"}],"collection":[{"href":"https:\/\/www.alzahra.com.br\/index.php\/wp-json\/wp\/v2\/pages"}],"about":[{"href":"https:\/\/www.alzahra.com.br\/index.php\/wp-json\/wp\/v2\/types\/page"}],"author":[{"embeddable":true,"href":"https:\/\/www.alzahra.com.br\/index.php\/wp-json\/wp\/v2\/users\/1"}],"replies":[{"embeddable":true,"href":"https:\/\/www.alzahra.com.br\/index.php\/wp-json\/wp\/v2\/comments?post=480"}],"version-history":[{"count":0,"href":"https:\/\/www.alzahra.com.br\/index.php\/wp-json\/wp\/v2\/pages\/480\/revisions"}],"wp:attachment":[{"href":"https:\/\/www.alzahra.com.br\/index.php\/wp-json\/wp\/v2\/media?parent=480"}],"curies":[{"name":"wp","href":"https:\/\/api.w.org\/{rel}","templated":true}]}}