{"id":484,"date":"2015-06-25T15:47:14","date_gmt":"2015-06-25T15:47:14","guid":{"rendered":"http:\/\/alzahra.hospedagemdesites.ws\/?page_id=484"},"modified":"2017-11-30T16:50:54","modified_gmt":"2017-11-30T16:50:54","slug":"gestao-de-redes-sociais","status":"publish","type":"page","link":"https:\/\/www.alzahra.com.br\/index.php\/gestao-de-redes-sociais\/","title":{"rendered":"Servi\u00e7os &#8211; Redes Sociais"},"content":{"rendered":"<div id=\"pl-484\"  class=\"panel-layout\" ><div id=\"pg-484-0\"  class=\"panel-grid panel-has-style\" ><div class=\"siteorigin-panels-stretch panel-row-style panel-row-style-for-484-0\" style=\"padding: 0px 0; \" data-stretch-type=\"full\" data-overlay=\"true\" ><div id=\"pgc-484-0-0\"  class=\"panel-grid-cell\" ><div id=\"panel-484-0-0-0\" class=\"so-panel widget widget_sow-image panel-first-child panel-last-child\" data-index=\"0\" ><div class=\"so-widget-sow-image so-widget-sow-image-default-4b231843ec72\">\n\n<div class=\"sow-image-container\">\n\t<img src=\"https:\/\/www.alzahra.com.br\/wp-content\/uploads\/2015\/06\/Imagem_Site-e1435275976337.png\" width=\"949\" height=\"899\" srcset=\"https:\/\/www.alzahra.com.br\/wp-content\/uploads\/2015\/06\/Imagem_Site-e1435275976337.png 949w, https:\/\/www.alzahra.com.br\/wp-content\/uploads\/2015\/06\/Imagem_Site-e1435275976337-600x568.png 600w, https:\/\/www.alzahra.com.br\/wp-content\/uploads\/2015\/06\/Imagem_Site-e1435275976337-300x284.png 300w, https:\/\/www.alzahra.com.br\/wp-content\/uploads\/2015\/06\/Imagem_Site-e1435275976337-480x455.png 480w, https:\/\/www.alzahra.com.br\/wp-content\/uploads\/2015\/06\/Imagem_Site-e1435275976337-830x786.png 830w, https:\/\/www.alzahra.com.br\/wp-content\/uploads\/2015\/06\/Imagem_Site-e1435275976337-550x521.png 550w, https:\/\/www.alzahra.com.br\/wp-content\/uploads\/2015\/06\/Imagem_Site-e1435275976337-230x218.png 230w\" sizes=\"(max-width: 949px) 100vw, 949px\" title=\"Case - Curadoria de Fanpage para a Bauarte\" alt=\"Gest\u00e3o de redes sociais - gest\u00e3o de perfil de empresa (fanpage) no FACEBOOK para a Bauarte\" \t\tclass=\"so-widget-image\"\/>\n<\/div>\n\n<\/div><\/div><\/div><div id=\"pgc-484-0-1\"  class=\"panel-grid-cell\" ><div id=\"panel-484-0-1-0\" class=\"so-panel widget widget_list panel-first-child\" data-index=\"1\" ><div style=\"text-align: left;\" data-title-color=\"#443f3f\" data-headings-color=\"#443f3f\" class=\"panel-widget-style panel-widget-style-for-484-0-1-0\" ><h3 class=\"widget-title\">Gest\u00e3o Completa de Redes Sociais<\/h3>\n\t\t<p>Colocamos sua marca em destaques nas redes sociais.<\/p>\n\t\t\u2022 Cria\u00e7\u00e3o de perfis para a empresa nas redes sociais (Facebook, Instagram, LinkedIn ou Twitter)<br>\n\u2022 Planejamento editorial<br>\n\u2022 Curadoria de conte\u00fado com a cria\u00e7\u00e3o de layout e publica\u00e7\u00e3o de posts<br>\n\u2022 Cria\u00e7\u00e3o de campanhas com an\u00fancios e posts patrocinados<br>\n\u2022 Monitoramento de cada perfil com atendimento aos coment\u00e1rios e mensagens<br>\n<br>\nOs planos variam de acordo com a periodicidade de publica\u00e7\u00f5es. Consulte-nos!<br>\n<br>\t\t\t\t\t<a class=\"roll-button border\" href=\"\/index.php\/contato\">Solicite um or\u00e7amento<\/a>\n\t\t\t\t\n\t\t<\/div><\/div><div id=\"panel-484-0-1-1\" class=\"so-panel widget widget_nav_menu panel-last-child\" data-index=\"2\" ><div class=\"panel-widget-style panel-widget-style-for-484-0-1-1\" ><div class=\"menu-servicos-container\"><ul id=\"menu-servicos\" class=\"menu accessibility_menu\"><li id=\"menu-item-721\" class=\"menu-item menu-item-type-post_type menu-item-object-page menu-item-721\"><a href=\"https:\/\/www.alzahra.com.br\/index.php\/criacao-de-sites\/\">Cria\u00e7\u00e3o de Sites<\/a><\/li>\n<li id=\"menu-item-726\" class=\"menu-item menu-item-type-post_type menu-item-object-page menu-item-726\"><a href=\"https:\/\/www.alzahra.com.br\/index.php\/criacao-publicitaria\/\">Cria\u00e7\u00e3o Publicit\u00e1ria<\/a><\/li>\n<li id=\"menu-item-724\" class=\"menu-item menu-item-type-post_type menu-item-object-page menu-item-724\"><a href=\"https:\/\/www.alzahra.com.br\/index.php\/identidade-corporativa\/\">Identidade Corporativa<\/a><\/li>\n<li id=\"menu-item-723\" class=\"menu-item menu-item-type-post_type menu-item-object-page menu-item-723\"><a href=\"https:\/\/www.alzahra.com.br\/index.php\/campanha-de-links-patrocinados\/\">Links Patrocinados<\/a><\/li>\n<li id=\"menu-item-725\" class=\"menu-item menu-item-type-post_type menu-item-object-page menu-item-725\"><a href=\"https:\/\/www.alzahra.com.br\/index.php\/marketing-direto\/\">Marketing Direto<\/a><\/li>\n<li id=\"menu-item-722\" class=\"menu-item menu-item-type-post_type menu-item-object-page menu-item-722\"><a href=\"https:\/\/www.alzahra.com.br\/index.php\/gestao-de-redes-sociais\/\">Redes Sociais<\/a><\/li>\n<\/ul><\/div><\/div><\/div><\/div><\/div><\/div><\/div>","protected":false},"excerpt":{"rendered":"<p>Gest\u00e3o Completa de Redes Sociais Colocamos sua marca em destaques nas redes sociais. \u2022 Cria\u00e7\u00e3o de perfis para a empresa nas redes sociais (Facebook, Instagram, LinkedIn ou Twitter) \u2022 Planejamento editorial \u2022 Curadoria de conte\u00fado com a cria\u00e7\u00e3o de layout e publica\u00e7\u00e3o de posts \u2022 Cria\u00e7\u00e3o de campanhas com an\u00fancios e posts patrocinados \u2022 Monitoramento [&hellip;]<\/p>\n","protected":false},"author":1,"featured_media":0,"parent":0,"menu_order":0,"comment_status":"closed","ping_status":"closed","template":"page-templates\/page_fullwidth.php","meta":[],"yoast_head":"<!-- This site is optimized with the Yoast SEO plugin v15.2.1 - https:\/\/yoast.com\/wordpress\/plugins\/seo\/ -->\n<title>Servi\u00e7os - Redes Sociais - Alzahra Comunica\u00e7\u00e3o<\/title>\n<meta name=\"robots\" content=\"index, follow, max-snippet:-1, max-image-preview:large, max-video-preview:-1\" \/>\n<link rel=\"canonical\" href=\"https:\/\/www.alzahra.com.br\/index.php\/gestao-de-redes-sociais\/\" \/>\n<meta property=\"og:locale\" content=\"pt_BR\" \/>\n<meta property=\"og:type\" content=\"article\" \/>\n<meta property=\"og:title\" content=\"Servi\u00e7os - Redes Sociais - Alzahra Comunica\u00e7\u00e3o\" \/>\n<meta property=\"og:description\" content=\"Gest\u00e3o Completa de Redes Sociais Colocamos sua marca em destaques nas redes sociais. \u2022 Cria\u00e7\u00e3o de perfis para a empresa nas redes sociais (Facebook, Instagram, LinkedIn ou Twitter) \u2022 Planejamento editorial \u2022 Curadoria de conte\u00fado com a cria\u00e7\u00e3o de layout e publica\u00e7\u00e3o de posts \u2022 Cria\u00e7\u00e3o de campanhas com an\u00fancios e posts patrocinados \u2022 Monitoramento [&hellip;]\" \/>\n<meta property=\"og:url\" content=\"https:\/\/www.alzahra.com.br\/index.php\/gestao-de-redes-sociais\/\" \/>\n<meta property=\"og:site_name\" content=\"Alzahra Comunica\u00e7\u00e3o\" \/>\n<meta property=\"article:publisher\" content=\"https:\/\/www.facebook.com\/AlzahraComunicacao\" \/>\n<meta property=\"article:modified_time\" content=\"2017-11-30T16:50:54+00:00\" \/>\n<meta property=\"og:image\" content=\"http:\/\/www.alzahra.com.br\/wp-content\/uploads\/2015\/06\/Imagem_Site-e1435275976337.png\" \/>\n<meta name=\"twitter:card\" content=\"summary\" \/>\n<meta name=\"twitter:label1\" content=\"Written by\">\n\t<meta name=\"twitter:data1\" content=\"agalzahra\">\n\t<meta name=\"twitter:label2\" content=\"Est. reading time\">\n\t<meta name=\"twitter:data2\" content=\"0 minuto\">\n<script type=\"application\/ld+json\" class=\"yoast-schema-graph\">{\"@context\":\"https:\/\/schema.org\",\"@graph\":[{\"@type\":\"WebSite\",\"@id\":\"https:\/\/www.alzahra.com.br\/#website\",\"url\":\"https:\/\/www.alzahra.com.br\/\",\"name\":\"Alzahra Comunica\\u00e7\\u00e3o\",\"description\":\"Ag\\u00eancia de Publicidade\",\"potentialAction\":[{\"@type\":\"SearchAction\",\"target\":\"https:\/\/www.alzahra.com.br\/?s={search_term_string}\",\"query-input\":\"required name=search_term_string\"}],\"inLanguage\":\"pt-BR\"},{\"@type\":\"ImageObject\",\"@id\":\"https:\/\/www.alzahra.com.br\/index.php\/gestao-de-redes-sociais\/#primaryimage\",\"inLanguage\":\"pt-BR\",\"url\":\"http:\/\/www.alzahra.com.br\/wp-content\/uploads\/2015\/06\/Imagem_Site-e1435275976337.png\"},{\"@type\":\"WebPage\",\"@id\":\"https:\/\/www.alzahra.com.br\/index.php\/gestao-de-redes-sociais\/#webpage\",\"url\":\"https:\/\/www.alzahra.com.br\/index.php\/gestao-de-redes-sociais\/\",\"name\":\"Servi\\u00e7os - Redes Sociais - Alzahra Comunica\\u00e7\\u00e3o\",\"isPartOf\":{\"@id\":\"https:\/\/www.alzahra.com.br\/#website\"},\"primaryImageOfPage\":{\"@id\":\"https:\/\/www.alzahra.com.br\/index.php\/gestao-de-redes-sociais\/#primaryimage\"},\"datePublished\":\"2015-06-25T15:47:14+00:00\",\"dateModified\":\"2017-11-30T16:50:54+00:00\",\"inLanguage\":\"pt-BR\",\"potentialAction\":[{\"@type\":\"ReadAction\",\"target\":[\"https:\/\/www.alzahra.com.br\/index.php\/gestao-de-redes-sociais\/\"]}]}]}<\/script>\n<!-- \/ Yoast SEO plugin. -->","_links":{"self":[{"href":"https:\/\/www.alzahra.com.br\/index.php\/wp-json\/wp\/v2\/pages\/484"}],"collection":[{"href":"https:\/\/www.alzahra.com.br\/index.php\/wp-json\/wp\/v2\/pages"}],"about":[{"href":"https:\/\/www.alzahra.com.br\/index.php\/wp-json\/wp\/v2\/types\/page"}],"author":[{"embeddable":true,"href":"https:\/\/www.alzahra.com.br\/index.php\/wp-json\/wp\/v2\/users\/1"}],"replies":[{"embeddable":true,"href":"https:\/\/www.alzahra.com.br\/index.php\/wp-json\/wp\/v2\/comments?post=484"}],"version-history":[{"count":0,"href":"https:\/\/www.alzahra.com.br\/index.php\/wp-json\/wp\/v2\/pages\/484\/revisions"}],"wp:attachment":[{"href":"https:\/\/www.alzahra.com.br\/index.php\/wp-json\/wp\/v2\/media?parent=484"}],"curies":[{"name":"wp","href":"https:\/\/api.w.org\/{rel}","templated":true}]}}