{"id":486,"date":"2015-06-25T15:47:35","date_gmt":"2015-06-25T15:47:35","guid":{"rendered":"http:\/\/alzahra.hospedagemdesites.ws\/?page_id=486"},"modified":"2018-03-24T22:47:18","modified_gmt":"2018-03-24T22:47:18","slug":"criacao-de-sites","status":"publish","type":"page","link":"https:\/\/www.alzahra.com.br\/index.php\/criacao-de-sites\/","title":{"rendered":"Servi\u00e7os &#8211; Cria\u00e7\u00e3o de Sites para Empresas"},"content":{"rendered":"<div id=\"pl-486\"  class=\"panel-layout\" ><div id=\"pg-486-0\"  class=\"panel-grid panel-has-style\" ><div style=\"padding: 0px 0; \" data-overlay=\"true\" class=\"panel-row-style panel-row-style-for-486-0\" ><div id=\"pgc-486-0-0\"  class=\"panel-grid-cell\" ><div id=\"panel-486-0-0-0\" class=\"so-panel widget widget_list panel-first-child\" data-index=\"0\" ><div style=\"text-align: left;\" data-title-color=\"#443f3f\" data-headings-color=\"#443f3f\" class=\"panel-widget-style panel-widget-style-for-486-0-0-0\" ><h3 class=\"widget-title\">Cria\u00e7\u00e3o de Sites para Empresas<\/h3>\n\t\t<p>Cria\u00e7\u00e3o de sites, blogs e lojas virtuais nas plataformas WordPress e Magento com design responsivo e acessibilidade digital, para exibi\u00e7\u00e3o em desktops e dispositivos m\u00f3veis. O conte\u00fado de relev\u00e2ncia que elaboramos de acordo com cada segmento, \u00e9 atrativo e otimizado para os mecanismos de busca e integrado \u00e0s redes sociais.<br \/>\nAtendemos tamb\u00e9m empresas localizadas em outras cidades e estados, atrav\u00e9s do Skype. Solicite um or\u00e7amento e consulte nossas <a href=http:\/\/www.alzahra.com.br\/index.php\/formas-de-pagamento\/>condi\u00e7\u00f5es de pagamento<\/a>.<br \/><\/p>\n\t\t\u2022 Desenvolvimento de site responsivo<br>\n\u2022 Desenvolvimento de e-commerce em ambiente seguro para lojistas e clientes<br>\n\u2022 Acessibilidade digital (WCAG 2.0)<br>\n\u2022 Elabora\u00e7\u00e3o de conte\u00fado otimizado para ferramentas de busca (SEO)<br>\n\u2022 Cria\u00e7\u00e3o de Landing Pages para <a href=http:\/\/www.alzahra.com.br\/index.php\/campanha-de-links-patrocinados\/>campanhas no Google AdWords<\/a><br>\n\u2022 Integra\u00e7\u00e3o do site, blog ou e-commerce com as <a href=http:\/\/www.alzahra.com.br\/index.php\/gestao-de-redes-sociais\/>redes sociais<\/a><br>\n\u2022 Gest\u00e3o de conte\u00fado, manuten\u00e7\u00e3o e suporte t\u00e9cnico<br>\n\u2022 Monitoramento de m\u00e9tricas com Google Analytics<br>\n<br>\n\n\t\t\t\t\t<a class=\"roll-button border\" href=\"\/index.php\/contato\">Solicite um or\u00e7amento<\/a>\n\t\t\t\t\n\t\t<\/div><\/div><div id=\"panel-486-0-0-1\" class=\"so-panel widget widget_nav_menu panel-last-child\" data-index=\"1\" ><div class=\"panel-widget-style panel-widget-style-for-486-0-0-1\" ><div class=\"menu-servicos-container\"><ul id=\"menu-servicos\" class=\"menu accessibility_menu\"><li id=\"menu-item-721\" class=\"menu-item menu-item-type-post_type menu-item-object-page menu-item-721\"><a href=\"https:\/\/www.alzahra.com.br\/index.php\/criacao-de-sites\/\">Cria\u00e7\u00e3o de Sites<\/a><\/li>\n<li id=\"menu-item-726\" class=\"menu-item menu-item-type-post_type menu-item-object-page menu-item-726\"><a href=\"https:\/\/www.alzahra.com.br\/index.php\/criacao-publicitaria\/\">Cria\u00e7\u00e3o Publicit\u00e1ria<\/a><\/li>\n<li id=\"menu-item-724\" class=\"menu-item menu-item-type-post_type menu-item-object-page menu-item-724\"><a href=\"https:\/\/www.alzahra.com.br\/index.php\/identidade-corporativa\/\">Identidade Corporativa<\/a><\/li>\n<li id=\"menu-item-723\" class=\"menu-item menu-item-type-post_type menu-item-object-page menu-item-723\"><a href=\"https:\/\/www.alzahra.com.br\/index.php\/campanha-de-links-patrocinados\/\">Links Patrocinados<\/a><\/li>\n<li id=\"menu-item-725\" class=\"menu-item menu-item-type-post_type menu-item-object-page menu-item-725\"><a href=\"https:\/\/www.alzahra.com.br\/index.php\/marketing-direto\/\">Marketing Direto<\/a><\/li>\n<li id=\"menu-item-722\" class=\"menu-item menu-item-type-post_type menu-item-object-page menu-item-722\"><a href=\"https:\/\/www.alzahra.com.br\/index.php\/gestao-de-redes-sociais\/\">Redes Sociais<\/a><\/li>\n<\/ul><\/div><\/div><\/div><\/div><div id=\"pgc-486-0-1\"  class=\"panel-grid-cell\" ><div id=\"panel-486-0-1-0\" class=\"so-panel widget widget_sow-image panel-first-child\" data-index=\"2\" ><div class=\"so-widget-sow-image so-widget-sow-image-default-4b231843ec72\">\n\n<div class=\"sow-image-container\">\n\t<img src=\"https:\/\/www.alzahra.com.br\/wp-content\/uploads\/2015\/06\/Site_Posi.png\" width=\"452\" height=\"521\" srcset=\"https:\/\/www.alzahra.com.br\/wp-content\/uploads\/2015\/06\/Site_Posi.png 452w, https:\/\/www.alzahra.com.br\/wp-content\/uploads\/2015\/06\/Site_Posi-260x300.png 260w, https:\/\/www.alzahra.com.br\/wp-content\/uploads\/2015\/06\/Site_Posi-230x265.png 230w\" sizes=\"(max-width: 452px) 100vw, 452px\" title=\"Case - Cria\u00e7\u00e3o de layout e conte\u00fado para o site da Construtora Posi\" alt=\"Servi\u00e7os de Cria\u00e7\u00e3o de Site - Case Construtora Posi\" \t\tclass=\"so-widget-image\"\/>\n<\/div>\n\n<\/div><\/div><div id=\"panel-486-0-1-1\" class=\"so-panel widget widget_sow-editor panel-last-child\" data-index=\"3\" ><div class=\"panel-widget-style panel-widget-style-for-486-0-1-1\" ><div class=\"so-widget-sow-editor so-widget-sow-editor-base\">\n<div class=\"siteorigin-widget-tinymce textwidget\">\n\t<h4>Veja\u00a0no nosso <a href=\"http:\/\/www.alzahra.com.br\/index.php\/blog\/\">Blog<\/a>:<\/h4>\n<ul>\n<li><a href=\"http:\/\/www.alzahra.com.br\/index.php\/2016\/03\/10\/uma-beleza-de-website\/\">Literalmente, uma Beleza de Website<\/a><\/li>\n<li><a href=\"http:\/\/www.alzahra.com.br\/index.php\/2016\/02\/24\/site-da-massaguacu-transportes-e-servicos\/\">Site da Massagua\u00e7u Transportes e Servi\u00e7os no Ar<\/a><\/li>\n<li><a href=\"http:\/\/www.alzahra.com.br\/index.php\/2015\/08\/07\/site\/\">Considera\u00e7\u00f5es ao contratar um Site<\/a><\/li>\n<li><a href=\"http:\/\/www.alzahra.com.br\/index.php\/2015\/08\/27\/site-marcia-maria-beauty\/\">Marcia Maria Beauty &amp; Co. com novo Site<\/a><\/li>\n<\/ul>\n<p>\u00a0<\/p>\n<h4>Sobre o <a href=\"http:\/\/wordpress.org\" target=\"_blank\">WordPress<\/a>:<\/h4>\n<ul>\n<li><a href=\"http:\/\/wordpress.org\" target=\"_blank\">wordpress.org<\/a><\/li>\n<\/ul>\n<\/div>\n<\/div><\/div><\/div><\/div><\/div><\/div><\/div>","protected":false},"excerpt":{"rendered":"<p>Veja\u00a0no nosso Blog:Literalmente, uma Beleza de WebsiteSite da Massagua\u00e7u Transportes e Servi\u00e7os no ArConsidera\u00e7\u00f5es ao contratar um SiteMarcia Maria Beauty &amp; Co. com novo Site\u00a0Sobre o Wordpress:wordpress.org<\/p>\n","protected":false},"author":1,"featured_media":0,"parent":0,"menu_order":0,"comment_status":"closed","ping_status":"closed","template":"page-templates\/page_fullwidth.php","meta":[],"yoast_head":"<!-- This site is optimized with the Yoast SEO plugin v15.2.1 - https:\/\/yoast.com\/wordpress\/plugins\/seo\/ -->\n<title>Cria\u00e7\u00e3o de Sites Para Empresas e Gest\u00e3o de Conte\u00fado<\/title>\n<meta name=\"description\" content=\"Servi\u00e7os de cria\u00e7\u00e3o de sites e gest\u00e3o profissional de conte\u00fado. Desenvolvimento em plataforma Wordpress com design responsivo e conte\u00fado relevante,\" \/>\n<meta name=\"robots\" content=\"index, follow, max-snippet:-1, max-image-preview:large, max-video-preview:-1\" \/>\n<link rel=\"canonical\" href=\"https:\/\/www.alzahra.com.br\/index.php\/criacao-de-sites\/\" \/>\n<meta property=\"og:locale\" content=\"pt_BR\" \/>\n<meta property=\"og:type\" content=\"article\" \/>\n<meta property=\"og:title\" content=\"Cria\u00e7\u00e3o de Sites Para Empresas e Gest\u00e3o de Conte\u00fado\" \/>\n<meta property=\"og:description\" content=\"Servi\u00e7os de cria\u00e7\u00e3o de sites e gest\u00e3o profissional de conte\u00fado. Desenvolvimento em plataforma Wordpress com design responsivo e conte\u00fado relevante,\" \/>\n<meta property=\"og:url\" content=\"https:\/\/www.alzahra.com.br\/index.php\/criacao-de-sites\/\" \/>\n<meta property=\"og:site_name\" content=\"Alzahra Comunica\u00e7\u00e3o\" \/>\n<meta property=\"article:publisher\" content=\"https:\/\/www.facebook.com\/AlzahraComunicacao\" \/>\n<meta property=\"article:modified_time\" content=\"2018-03-24T22:47:18+00:00\" \/>\n<meta name=\"twitter:card\" content=\"summary\" \/>\n<meta name=\"twitter:label1\" content=\"Written by\">\n\t<meta name=\"twitter:data1\" content=\"agalzahra\">\n\t<meta name=\"twitter:label2\" content=\"Est. reading time\">\n\t<meta name=\"twitter:data2\" content=\"0 minuto\">\n<script type=\"application\/ld+json\" class=\"yoast-schema-graph\">{\"@context\":\"https:\/\/schema.org\",\"@graph\":[{\"@type\":\"WebSite\",\"@id\":\"https:\/\/www.alzahra.com.br\/#website\",\"url\":\"https:\/\/www.alzahra.com.br\/\",\"name\":\"Alzahra Comunica\\u00e7\\u00e3o\",\"description\":\"Ag\\u00eancia de Publicidade\",\"potentialAction\":[{\"@type\":\"SearchAction\",\"target\":\"https:\/\/www.alzahra.com.br\/?s={search_term_string}\",\"query-input\":\"required name=search_term_string\"}],\"inLanguage\":\"pt-BR\"},{\"@type\":\"WebPage\",\"@id\":\"https:\/\/www.alzahra.com.br\/index.php\/criacao-de-sites\/#webpage\",\"url\":\"https:\/\/www.alzahra.com.br\/index.php\/criacao-de-sites\/\",\"name\":\"Cria\\u00e7\\u00e3o de Sites Para Empresas e Gest\\u00e3o de Conte\\u00fado\",\"isPartOf\":{\"@id\":\"https:\/\/www.alzahra.com.br\/#website\"},\"datePublished\":\"2015-06-25T15:47:35+00:00\",\"dateModified\":\"2018-03-24T22:47:18+00:00\",\"description\":\"Servi\\u00e7os de cria\\u00e7\\u00e3o de sites e gest\\u00e3o profissional de conte\\u00fado. Desenvolvimento em plataforma Wordpress com design responsivo e conte\\u00fado relevante,\",\"inLanguage\":\"pt-BR\",\"potentialAction\":[{\"@type\":\"ReadAction\",\"target\":[\"https:\/\/www.alzahra.com.br\/index.php\/criacao-de-sites\/\"]}]}]}<\/script>\n<!-- \/ Yoast SEO plugin. -->","_links":{"self":[{"href":"https:\/\/www.alzahra.com.br\/index.php\/wp-json\/wp\/v2\/pages\/486"}],"collection":[{"href":"https:\/\/www.alzahra.com.br\/index.php\/wp-json\/wp\/v2\/pages"}],"about":[{"href":"https:\/\/www.alzahra.com.br\/index.php\/wp-json\/wp\/v2\/types\/page"}],"author":[{"embeddable":true,"href":"https:\/\/www.alzahra.com.br\/index.php\/wp-json\/wp\/v2\/users\/1"}],"replies":[{"embeddable":true,"href":"https:\/\/www.alzahra.com.br\/index.php\/wp-json\/wp\/v2\/comments?post=486"}],"version-history":[{"count":0,"href":"https:\/\/www.alzahra.com.br\/index.php\/wp-json\/wp\/v2\/pages\/486\/revisions"}],"wp:attachment":[{"href":"https:\/\/www.alzahra.com.br\/index.php\/wp-json\/wp\/v2\/media?parent=486"}],"curies":[{"name":"wp","href":"https:\/\/api.w.org\/{rel}","templated":true}]}}